{"id":14,"date":"2021-03-08T11:13:24","date_gmt":"2021-03-08T10:13:24","guid":{"rendered":"https:\/\/thomaskoslowsky.com\/es\/?page_id=14"},"modified":"2026-03-31T08:42:49","modified_gmt":"2026-03-31T06:42:49","slug":"home","status":"publish","type":"page","link":"https:\/\/thomaskoslowsky.com\/es\/","title":{"rendered":"Inicio"},"content":{"rendered":"\n<h1 class=\"wp-block-heading\" id=\"bienvenido-a-en-mi-pagina-web-personal\">Bienvenido\/a en mi p\u00e1gina web personal<\/h1>\n\n\n\n<div class=\"wp-block-columns is-layout-flex wp-container-core-columns-is-layout-28f84493 wp-block-columns-is-layout-flex\">\n<div class=\"wp-block-column is-layout-flow wp-block-column-is-layout-flow\" style=\"flex-basis:33.33%\">\n<figure class=\"wp-block-image size-large\"><img loading=\"lazy\" decoding=\"async\" width=\"200\" height=\"516\" src=\"https:\/\/thomaskoslowsky.com\/es\/wp-content\/uploads\/2021\/03\/thoma_de_pie_co.png\" alt=\"\" class=\"wp-image-37\" srcset=\"https:\/\/thomaskoslowsky.com\/es\/wp-content\/uploads\/2021\/03\/thoma_de_pie_co.png 200w, https:\/\/thomaskoslowsky.com\/es\/wp-content\/uploads\/2021\/03\/thoma_de_pie_co-116x300.png 116w\" sizes=\"auto, (max-width: 200px) 100vw, 200px\" \/><\/figure>\n<\/div>\n\n\n\n<div class=\"wp-block-column is-layout-flow wp-block-column-is-layout-flow\" style=\"flex-basis:66.66%\">\n<blockquote class=\"wp-block-quote is-layout-flow wp-block-quote-is-layout-flow\">\n<p>M\u00e1s de 20 a\u00f1os de experiencia internacional como consultor y jefe de proyecto IT, con enfoque en el sector automovil\u00edstico, pero tambi\u00e9n de proyectos para clientes de otros sectores como salud y financiero. Amplia experiencia cultural de proyectos internacionales en Alemania, Austria, M\u00e9xico, Francia, Gran Breta\u00f1a y Espa\u00f1a.<\/p>\n<\/blockquote>\n\n\n\n<p>Desde el 2015 con responsabilidad de un equipo, tras obtener la F\u00fchrungslizenz\/Licencia de Liderazgo (FL) y superar con \u00e9xito el Management Assessment Center (MAC) de Volkswagen.\u00a0<\/p>\n\n\n\n<p>M\u00e1s detalles sobre mi <a href=\"https:\/\/thomaskoslowsky.com\/es\/index.php\/sobre-mi-2\/\" data-type=\"page\" data-id=\"48\">trayectoria profesional<\/a>.<\/p>\n\n\n\n<p>Uno de mis proyectos personales favoritos es la aplicaci\u00f3n Android \u00abMi Inventario Personal\u00bb, disponible en Google Play. \u00bfInteresado en crear un inventario personal? Lea m\u00e1s <a href=\"https:\/\/miinventariopersonal.com\/es\" data-type=\"URL\" data-id=\"https:\/\/miinventariopersonal.com\/es\">aqu\u00ed&#8230;<\/a><br>O obtenga la versi\u00f3n en Google Play:<\/p>\n\n\n\n<figure class=\"wp-block-image size-full is-resized\"><a href=\"https:\/\/play.google.com\/store\/apps\/details?id=com.tomkos.myinventory\"><img loading=\"lazy\" decoding=\"async\" src=\"https:\/\/thomaskoslowsky.com\/es\/wp-content\/uploads\/2022\/03\/google-play-badge2.png\" alt=\"\" class=\"wp-image-199\" width=\"178\" height=\"69\" srcset=\"https:\/\/thomaskoslowsky.com\/es\/wp-content\/uploads\/2022\/03\/google-play-badge2.png 646w, https:\/\/thomaskoslowsky.com\/es\/wp-content\/uploads\/2022\/03\/google-play-badge2-300x116.png 300w\" sizes=\"auto, (max-width: 178px) 100vw, 178px\" \/><\/a><\/figure>\n<\/div>\n<\/div>\n\n\n\n<p><\/p>\n","protected":false},"excerpt":{"rendered":"<p>Bienvenido\/a en mi p\u00e1gina web personal M\u00e1s de 20 a\u00f1os de experiencia internacional como consultor y jefe de proyecto IT, con enfoque en el sector automovil\u00edstico, pero tambi\u00e9n de proyectos para clientes de otros sectores como salud y financiero. Amplia experiencia cultural de proyectos internacionales en Alemania, Austria, M\u00e9xico, Francia, Gran Breta\u00f1a y Espa\u00f1a. Desde [&hellip;]<\/p>\n","protected":false},"author":1,"featured_media":0,"parent":0,"menu_order":0,"comment_status":"closed","ping_status":"closed","template":"","meta":{"site-sidebar-layout":"default","site-content-layout":"default","ast-site-content-layout":"default","site-content-style":"default","site-sidebar-style":"default","ast-global-header-display":"","ast-banner-title-visibility":"","ast-main-header-display":"","ast-hfb-above-header-display":"","ast-hfb-below-header-display":"","ast-hfb-mobile-header-display":"","site-post-title":"disabled","ast-breadcrumbs-content":"","ast-featured-img":"","footer-sml-layout":"","ast-disable-related-posts":"","theme-transparent-header-meta":"default","adv-header-id-meta":"","stick-header-meta":"","header-above-stick-meta":"","header-main-stick-meta":"","header-below-stick-meta":"","astra-migrate-meta-layouts":"set","ast-page-background-enabled":"default","ast-page-background-meta":{"desktop":{"background-color":"","background-image":"","background-repeat":"repeat","background-position":"center center","background-size":"auto","background-attachment":"scroll","background-type":"","background-media":"","overlay-type":"","overlay-color":"","overlay-opacity":"","overlay-gradient":""},"tablet":{"background-color":"","background-image":"","background-repeat":"repeat","background-position":"center center","background-size":"auto","background-attachment":"scroll","background-type":"","background-media":"","overlay-type":"","overlay-color":"","overlay-opacity":"","overlay-gradient":""},"mobile":{"background-color":"","background-image":"","background-repeat":"repeat","background-position":"center center","background-size":"auto","background-attachment":"scroll","background-type":"","background-media":"","overlay-type":"","overlay-color":"","overlay-opacity":"","overlay-gradient":""}},"ast-content-background-meta":{"desktop":{"background-color":"var(--ast-global-color-5)","background-image":"","background-repeat":"repeat","background-position":"center center","background-size":"auto","background-attachment":"scroll","background-type":"","background-media":"","overlay-type":"","overlay-color":"","overlay-opacity":"","overlay-gradient":""},"tablet":{"background-color":"var(--ast-global-color-5)","background-image":"","background-repeat":"repeat","background-position":"center center","background-size":"auto","background-attachment":"scroll","background-type":"","background-media":"","overlay-type":"","overlay-color":"","overlay-opacity":"","overlay-gradient":""},"mobile":{"background-color":"var(--ast-global-color-5)","background-image":"","background-repeat":"repeat","background-position":"center center","background-size":"auto","background-attachment":"scroll","background-type":"","background-media":"","overlay-type":"","overlay-color":"","overlay-opacity":"","overlay-gradient":""}},"footnotes":""},"class_list":["post-14","page","type-page","status-publish","hentry"],"_links":{"self":[{"href":"https:\/\/thomaskoslowsky.com\/es\/index.php\/wp-json\/wp\/v2\/pages\/14","targetHints":{"allow":["GET"]}}],"collection":[{"href":"https:\/\/thomaskoslowsky.com\/es\/index.php\/wp-json\/wp\/v2\/pages"}],"about":[{"href":"https:\/\/thomaskoslowsky.com\/es\/index.php\/wp-json\/wp\/v2\/types\/page"}],"author":[{"embeddable":true,"href":"https:\/\/thomaskoslowsky.com\/es\/index.php\/wp-json\/wp\/v2\/users\/1"}],"replies":[{"embeddable":true,"href":"https:\/\/thomaskoslowsky.com\/es\/index.php\/wp-json\/wp\/v2\/comments?post=14"}],"version-history":[{"count":13,"href":"https:\/\/thomaskoslowsky.com\/es\/index.php\/wp-json\/wp\/v2\/pages\/14\/revisions"}],"predecessor-version":[{"id":272,"href":"https:\/\/thomaskoslowsky.com\/es\/index.php\/wp-json\/wp\/v2\/pages\/14\/revisions\/272"}],"wp:attachment":[{"href":"https:\/\/thomaskoslowsky.com\/es\/index.php\/wp-json\/wp\/v2\/media?parent=14"}],"curies":[{"name":"wp","href":"https:\/\/api.w.org\/{rel}","templated":true}]}}