{"id":233,"date":"2023-03-16T08:39:14","date_gmt":"2023-03-16T07:39:14","guid":{"rendered":"https:\/\/thomaskoslowsky.com\/es\/?page_id=233"},"modified":"2023-03-16T08:40:50","modified_gmt":"2023-03-16T07:40:50","slug":"ubuntu-quick-reference","status":"publish","type":"page","link":"https:\/\/thomaskoslowsky.com\/es\/index.php\/ubuntu-quick-reference\/","title":{"rendered":"Ubuntu &#8211; quick reference"},"content":{"rendered":"\n<h2 class=\"wp-block-heading\">PDF<\/h2>\n\n\n\n<p>Separear un PDF en sus p\u00e1ginas:<\/p>\n\n\n\n<pre class=\"wp-block-code\"><code><em><strong>pdfseparate -f 1 -l 5 input.pdf output-page%d.pdf<\/strong><\/em>\n\nel 1 es la p\u00e1gina de inicio y 5 aqu\u00ed es la \u00faltima p\u00e1gina<\/code><\/pre>\n\n\n\n<p>Unificar varios PDF&#8217;s:<\/p>\n\n\n\n<pre class=\"wp-block-code\"><code><em><strong>pdfunite output-page4.pdf output-page5.pdf final-pages4-5.pdf<\/strong><\/em>\n\n\u00a1el \u00faltimo fichero es el destino!<\/code><\/pre>\n\n\n\n<p><\/p>\n","protected":false},"excerpt":{"rendered":"<p>PDF Separear un PDF en sus p\u00e1ginas: Unificar varios PDF&#8217;s:<\/p>\n","protected":false},"author":1,"featured_media":0,"parent":0,"menu_order":0,"comment_status":"closed","ping_status":"closed","template":"","meta":{"site-sidebar-layout":"default","site-content-layout":"","ast-site-content-layout":"default","site-content-style":"default","site-sidebar-style":"default","ast-global-header-display":"","ast-banner-title-visibility":"","ast-main-header-display":"","ast-hfb-above-header-display":"","ast-hfb-below-header-display":"","ast-hfb-mobile-header-display":"","site-post-title":"","ast-breadcrumbs-content":"","ast-featured-img":"","footer-sml-layout":"","ast-disable-related-posts":"","theme-transparent-header-meta":"","adv-header-id-meta":"","stick-header-meta":"","header-above-stick-meta":"","header-main-stick-meta":"","header-below-stick-meta":"","astra-migrate-meta-layouts":"default","ast-page-background-enabled":"default","ast-page-background-meta":{"desktop":{"background-color":"","background-image":"","background-repeat":"repeat","background-position":"center center","background-size":"auto","background-attachment":"scroll","background-type":"","background-media":"","overlay-type":"","overlay-color":"","overlay-opacity":"","overlay-gradient":""},"tablet":{"background-color":"","background-image":"","background-repeat":"repeat","background-position":"center center","background-size":"auto","background-attachment":"scroll","background-type":"","background-media":"","overlay-type":"","overlay-color":"","overlay-opacity":"","overlay-gradient":""},"mobile":{"background-color":"","background-image":"","background-repeat":"repeat","background-position":"center center","background-size":"auto","background-attachment":"scroll","background-type":"","background-media":"","overlay-type":"","overlay-color":"","overlay-opacity":"","overlay-gradient":""}},"ast-content-background-meta":{"desktop":{"background-color":"var(--ast-global-color-5)","background-image":"","background-repeat":"repeat","background-position":"center center","background-size":"auto","background-attachment":"scroll","background-type":"","background-media":"","overlay-type":"","overlay-color":"","overlay-opacity":"","overlay-gradient":""},"tablet":{"background-color":"var(--ast-global-color-5)","background-image":"","background-repeat":"repeat","background-position":"center center","background-size":"auto","background-attachment":"scroll","background-type":"","background-media":"","overlay-type":"","overlay-color":"","overlay-opacity":"","overlay-gradient":""},"mobile":{"background-color":"var(--ast-global-color-5)","background-image":"","background-repeat":"repeat","background-position":"center center","background-size":"auto","background-attachment":"scroll","background-type":"","background-media":"","overlay-type":"","overlay-color":"","overlay-opacity":"","overlay-gradient":""}},"footnotes":""},"class_list":["post-233","page","type-page","status-publish","hentry"],"_links":{"self":[{"href":"https:\/\/thomaskoslowsky.com\/es\/index.php\/wp-json\/wp\/v2\/pages\/233","targetHints":{"allow":["GET"]}}],"collection":[{"href":"https:\/\/thomaskoslowsky.com\/es\/index.php\/wp-json\/wp\/v2\/pages"}],"about":[{"href":"https:\/\/thomaskoslowsky.com\/es\/index.php\/wp-json\/wp\/v2\/types\/page"}],"author":[{"embeddable":true,"href":"https:\/\/thomaskoslowsky.com\/es\/index.php\/wp-json\/wp\/v2\/users\/1"}],"replies":[{"embeddable":true,"href":"https:\/\/thomaskoslowsky.com\/es\/index.php\/wp-json\/wp\/v2\/comments?post=233"}],"version-history":[{"count":2,"href":"https:\/\/thomaskoslowsky.com\/es\/index.php\/wp-json\/wp\/v2\/pages\/233\/revisions"}],"predecessor-version":[{"id":235,"href":"https:\/\/thomaskoslowsky.com\/es\/index.php\/wp-json\/wp\/v2\/pages\/233\/revisions\/235"}],"wp:attachment":[{"href":"https:\/\/thomaskoslowsky.com\/es\/index.php\/wp-json\/wp\/v2\/media?parent=233"}],"curies":[{"name":"wp","href":"https:\/\/api.w.org\/{rel}","templated":true}]}}